{"id":2645,"date":"2020-11-03T19:44:50","date_gmt":"2020-11-03T18:44:50","guid":{"rendered":"https:\/\/improflair.at\/momentum\/?page_id=2645"},"modified":"2020-11-03T19:56:24","modified_gmt":"2020-11-03T18:56:24","slug":"selbstwirksamkeitserwartung","status":"publish","type":"page","link":"https:\/\/improflair.at\/momentum\/kompetenzorientiert\/selbstwirksamkeitserwartung\/","title":{"rendered":"Selbstwirksamkeitserwartung"},"content":{"rendered":"\n<p>Improvisationsmethoden tragen zur Wahrnehmung eigener F\u00e4higkeiten bei, der (Wieder)Entdeckung vergessener oder bis lang noch nicht genutzter Eigenschaften sowie der Weiterentwicklung der eigenen Pers\u00f6nlichkeiten und von Ressourcen, auf die in verschiedenen Situationen gezielt zugegriffen werden kann. <\/p>\n\n\n\n<p>Improvisieren hat immer wieder mit dem Wahrnehmen, Austesten und \u00dcberschreiten von Grenzen zu tun. Es werden und sollen immer wieder gewohnte Handlungsoptionen durchbrochen und neue Optionen entwickelt. Dabei werden K\u00f6rperhaltungen, Worte, Laute, Mimik ausgetestet, die bewusst \u00fcbersteigert sind und nicht zum \u00fcblichen, eigenen Handlungsrepertoire geh\u00f6ren. So werden ebenso Konventionen durchbrochen. Es braucht demzufolge eine Atmosph\u00e4re, die mit dem Konzept der <a href=\"https:\/\/improflair.at\/momentum\/faqs\/was-tragt-bei-zum-entstehen-einer-sicheren-zone\/\">sicheren Zone<\/a> vergleichbar ist, mit einem Raum, in dem alle gemeinsam denken und agieren, ohne dabei Angst zu haben etwas \u201afalsch\u2018 zu machen. Lobman (2013) beobachtet, dass Improvisationsmethoden dazu beitragen besser mit Nervosit\u00e4t und verschiedenen \u00c4ngsten umzugehen. <\/p>\n\n\n\n<p>Wer sich selbstwirksam und selbstsicher erlebt, f\u00fcr dem\/die ist die F\u00e4higkeit der Spontanit\u00e4t noch einfacher und direkter verf\u00fcg- und einsetzbar. Insgesamt w\u00fcrde sich zudem ein Effekt auf herausfordernde (Lern)Aufgaben ergeben, diese w\u00fcrden st\u00e4rker selbstbewusst angegangen und gel\u00f6st werden. \u201eThrough improvisation, any student can create meaning.\u201c (Scruggs &amp; McKnight, 2008, S. 28).<\/p>\n\n\n\n<p>Positive Effekte ergeben sich demnach auch auf die F\u00e4higkeit der Selbstreflexion, dar\u00fcber hinaus lie\u00df sich eine Steigerung der F\u00e4higkeit der Extraversion, sprich der Kontaktfreudigkeit, die F\u00e4higkeit auf andere offen zuzugehen und sich in eine Gruppe zu integrieren, beobachten.<\/p>\n\n\n\n<p>Improvisationsmethoden tragen weiters dazu bei, dass Lernende ihr Verh\u00e4ltnis zu Lehrenden bewusst wahrnehmen, \u00fcberdenken und weiterentwickeln. Ein zentrales Themenfeld ist dabei selbstst\u00e4ndiges und gleichzeitig m\u00f6glichst selbstbestimmtes Lernen, inkl. der Definition, Umsetzung sowie Reflexion eigener Lernziele. Als ein wichtiges Ziel von Bildungsprozessen kann somit die Autonomie definiert werden, die eng mit der Selbstwirksamkeitserwartung zusammenh\u00e4ngt. Ebenso wichtig ist es Abl\u00e4ufe und Informationen kritisch wahrzunehmen, zu beurteilen und Teile davon anwenden zu k\u00f6nnen.<\/p>\n\n\n\n<p>\u201eFreire would have us understand that the creation of new knowledge requires that we never passively accept \u2018the given\u2019 but that we demonstrate a healthy independence of mind that is prepared to question the presumptive authority of the lecturer, or media content, as \u2018the giver\u2019 and be prepared to test the information that is \u2018given.\u2019\u201d (Boland &amp; Cameron, 2005, S. 9).<\/p>\n\n\n\n<p>Dabei geht es ebenso darum Lebensumst\u00e4nde auf pers\u00f6nlicher Ebene oder einer Gruppe, der man sich zugeh\u00f6rig f\u00fchlt, nicht als gegeben zu akzeptieren, sondern als dynamischen Prozess, der mitgestaltet werden kann. Improvisationsmethoden f\u00f6rdern ebenso die Reflexion eigener Handlungen, das Austesten und Ein\u00fcben alternativer Handlungsoptionen sowie deren Anwendung und stetige Weiterentwicklung. Ein weiterer Aspekt ist die bewusste Wahrnehmung der eigenen Lebensbiographie mit der Hilfe von Improvisationsmethoden und bestimmter Aspekte daraus &#8211; wobei hier ebenso u. a. Verfremdungsmethoden Zug\u00e4nge zu Wissen und F\u00e4higkeiten er\u00f6ffnen, die bislang noch nicht oder nicht in diesem Ausma\u00df bewusst waren.<\/p>\n\n\n\n<p><\/p>\n\n\n\n<p>Literatur<\/p>\n\n\n\n<p>Boland, G., &amp; Cameron, D. (2005). <a href=\"https:\/\/researchoutput.csu.edu.au\/en\/publications\/newspaper-theatre-applying-performance-based-learning-to-journali\">Newspaper Theatre: Applying performancebased learning to journalism education<\/a>. Pr\u00e4sentiert bei der Journalism Education Association Conference, Griffith University.<\/p>\n\n\n\n<p>Lobmann, C. (2013). <a href=\"https:\/\/journals.sagepub.com\/doi\/abs\/10.1177\/0042085913478621\">&#8220;I Feel Nervous . . . Very Nervous&#8220; Addressing Test Anxiety in Inner City Shools Through Play and Performance<\/a>. Urban Education.<\/p>\n\n\n\n<p>Scruggs, M., &amp; McKnight, K. S. (2008). The Second City Guide to Improvisation in the Classroom: Using Improvisation to Teach Skills and Boost Learning. San Francisco: John Wiley &amp; Sons Inc.<\/p>\n","protected":false},"excerpt":{"rendered":"<p>Improvisationsmethoden tragen zur Wahrnehmung eigener F\u00e4higkeiten bei, der (Wieder)Entdeckung vergessener oder bis lang noch nicht genutzter Eigenschaften sowie der Weiterentwicklung der eigenen Pers\u00f6nlichkeiten und von Ressourcen, auf die in verschiedenen Situationen gezielt zugegriffen werden kann. Improvisieren hat immer wieder mit dem Wahrnehmen, Austesten und \u00dcberschreiten von Grenzen zu tun. Es werden und sollen immer wieder [&hellip;]<\/p>\n","protected":false},"author":2,"featured_media":0,"parent":2623,"menu_order":0,"comment_status":"closed","ping_status":"closed","template":"","meta":{"_bbp_topic_count":0,"_bbp_reply_count":0,"_bbp_total_topic_count":0,"_bbp_total_reply_count":0,"_bbp_voice_count":0,"_bbp_anonymous_reply_count":0,"_bbp_topic_count_hidden":0,"_bbp_reply_count_hidden":0,"_bbp_forum_subforum_count":0,"footnotes":""},"yoast_head":"<!-- This site is optimized with the Yoast SEO plugin v15.0 - https:\/\/yoast.com\/wordpress\/plugins\/seo\/ -->\n<title>Selbstwirksamkeitserwartung - Momentum - Angewandte Improvisation<\/title>\n<meta name=\"robots\" content=\"index, follow, max-snippet:-1, max-image-preview:large, max-video-preview:-1\" \/>\n<link rel=\"canonical\" href=\"https:\/\/improflair.at\/momentum\/kompetenzorientiert\/selbstwirksamkeitserwartung\/\" \/>\n<meta property=\"og:locale\" content=\"de_DE\" \/>\n<meta property=\"og:type\" content=\"article\" \/>\n<meta property=\"og:title\" content=\"Selbstwirksamkeitserwartung - Momentum - Angewandte Improvisation\" \/>\n<meta property=\"og:description\" content=\"Improvisationsmethoden tragen zur Wahrnehmung eigener F\u00e4higkeiten bei, der (Wieder)Entdeckung vergessener oder bis lang noch nicht genutzter Eigenschaften sowie der Weiterentwicklung der eigenen Pers\u00f6nlichkeiten und von Ressourcen, auf die in verschiedenen Situationen gezielt zugegriffen werden kann. Improvisieren hat immer wieder mit dem Wahrnehmen, Austesten und \u00dcberschreiten von Grenzen zu tun. Es werden und sollen immer wieder [&hellip;]\" \/>\n<meta property=\"og:url\" content=\"https:\/\/improflair.at\/momentum\/kompetenzorientiert\/selbstwirksamkeitserwartung\/\" \/>\n<meta property=\"og:site_name\" content=\"Momentum - Angewandte Improvisation\" \/>\n<meta property=\"article:modified_time\" content=\"2020-11-03T18:56:24+00:00\" \/>\n<meta name=\"twitter:card\" content=\"summary_large_image\" \/>\n<script type=\"application\/ld+json\" class=\"yoast-schema-graph\">{\"@context\":\"https:\/\/schema.org\",\"@graph\":[{\"@type\":\"WebSite\",\"@id\":\"https:\/\/improflair.at\/momentum\/#website\",\"url\":\"https:\/\/improflair.at\/momentum\/\",\"name\":\"Momentum - Angewandte Improvisation\",\"description\":\"\",\"potentialAction\":[{\"@type\":\"SearchAction\",\"target\":\"https:\/\/improflair.at\/momentum\/?s={search_term_string}\",\"query-input\":\"required name=search_term_string\"}],\"inLanguage\":\"de-AT\"},{\"@type\":\"WebPage\",\"@id\":\"https:\/\/improflair.at\/momentum\/kompetenzorientiert\/selbstwirksamkeitserwartung\/#webpage\",\"url\":\"https:\/\/improflair.at\/momentum\/kompetenzorientiert\/selbstwirksamkeitserwartung\/\",\"name\":\"Selbstwirksamkeitserwartung - Momentum - Angewandte Improvisation\",\"isPartOf\":{\"@id\":\"https:\/\/improflair.at\/momentum\/#website\"},\"datePublished\":\"2020-11-03T18:44:50+00:00\",\"dateModified\":\"2020-11-03T18:56:24+00:00\",\"inLanguage\":\"de-AT\",\"potentialAction\":[{\"@type\":\"ReadAction\",\"target\":[\"https:\/\/improflair.at\/momentum\/kompetenzorientiert\/selbstwirksamkeitserwartung\/\"]}]}]}<\/script>\n<!-- \/ Yoast SEO plugin. -->","_links":{"self":[{"href":"https:\/\/improflair.at\/momentum\/wp-json\/wp\/v2\/pages\/2645"}],"collection":[{"href":"https:\/\/improflair.at\/momentum\/wp-json\/wp\/v2\/pages"}],"about":[{"href":"https:\/\/improflair.at\/momentum\/wp-json\/wp\/v2\/types\/page"}],"author":[{"embeddable":true,"href":"https:\/\/improflair.at\/momentum\/wp-json\/wp\/v2\/users\/2"}],"replies":[{"embeddable":true,"href":"https:\/\/improflair.at\/momentum\/wp-json\/wp\/v2\/comments?post=2645"}],"version-history":[{"count":2,"href":"https:\/\/improflair.at\/momentum\/wp-json\/wp\/v2\/pages\/2645\/revisions"}],"predecessor-version":[{"id":2647,"href":"https:\/\/improflair.at\/momentum\/wp-json\/wp\/v2\/pages\/2645\/revisions\/2647"}],"up":[{"embeddable":true,"href":"https:\/\/improflair.at\/momentum\/wp-json\/wp\/v2\/pages\/2623"}],"wp:attachment":[{"href":"https:\/\/improflair.at\/momentum\/wp-json\/wp\/v2\/media?parent=2645"}],"curies":[{"name":"wp","href":"https:\/\/api.w.org\/{rel}","templated":true}]}}