{"id":2876,"date":"2024-02-24T17:43:55","date_gmt":"2024-02-24T16:43:55","guid":{"rendered":"https:\/\/improflair.at\/momentum\/?page_id=2876"},"modified":"2024-02-24T17:48:54","modified_gmt":"2024-02-24T16:48:54","slug":"dokumentation-meiner-dissertation","status":"publish","type":"page","link":"https:\/\/improflair.at\/momentum\/dokumentation-meiner-dissertation\/","title":{"rendered":"Dokumentation meiner Dissertation"},"content":{"rendered":"<p>Am 21. 2. 2020 habe ich meine Dissertation zum Einsatz von Improvisationsmethoden in Bildungssettings offline und online an der PH Heidelberg erfolgreich verteidigt. <a href=\"https:\/\/opus.ph-heidelberg.de\/frontdoor\/index\/index\/start\/0\/rows\/10\/sortfield\/score\/sortorder\/desc\/searchtype\/simple\/query\/freisleben\/docId\/355\">Hier der Link zur Online Publikation<\/a> auf \u201eOus-PhHD\u201c, nat\u00fcrlich open source.<\/p>\n<p>F\u00fcr die Defensio habe ich drei Thesen entwickelt und mit reichhaltigen Materialien unterlegt:<\/p>\n<p><strong>These 1<\/strong>: Improvisationsmethoden lassen sich schnell und einfach so adaptieren, dass sie Lernprozesse in Lehrveranstaltungen auf vielf\u00e4ltige Weise erm\u00f6glichen und begleiten k\u00f6nnen: Pr\u00e4sentation <a href=\"https:\/\/t1p.de\/these1\">Sway<\/a><\/p>\n<p><a href=\"https:\/\/www.improflair.at\/ipfl\/wp-content\/uploads\/2020\/03\/Vorlage-f\u00fcr-eine-historische-Zeitachse-1.pdf\">Zeitstrahl: Geschichte der Improvisationsmethoden<\/a><\/p>\n<p><strong>These 2:<\/strong> Improvisationsmethoden k\u00f6nnen dazu beitragen, dass Lernende auf eine intensivere Weise zusammenarbeiten und sich auf eine partizipative Weise in Lehrveranstaltungen einbringen k\u00f6nnen: Pr\u00e4sentation <a href=\"https:\/\/t1p.de\/these2\">Prezi<\/a><\/p>\n<p><strong>These3: <\/strong><em>Arts Based Research<\/em> kann zur Vielfalt von Forschungsmethoden beitragen, besonders solchen, die partizipativ ausgerichtet sind. <a href=\"https:\/\/www.improflair.at\/ipfl\/wp-content\/uploads\/2020\/03\/These3.pptx\">PowerPoint<\/a><\/p>\n<p>Visualisierung der iterativen Forschungsschritte:<\/p>\n<p><img loading=\"lazy\" decoding=\"async\" class=\"alignnone  wp-image-2879\" src=\"https:\/\/improflair.at\/momentum\/wp-content\/uploads\/2024\/02\/snip_20200219193826-1500x1034-1-300x207.png\" alt=\"\" width=\"374\" height=\"258\" srcset=\"https:\/\/improflair.at\/momentum\/wp-content\/uploads\/2024\/02\/snip_20200219193826-1500x1034-1-300x207.png 300w, https:\/\/improflair.at\/momentum\/wp-content\/uploads\/2024\/02\/snip_20200219193826-1500x1034-1-1024x706.png 1024w, https:\/\/improflair.at\/momentum\/wp-content\/uploads\/2024\/02\/snip_20200219193826-1500x1034-1-768x529.png 768w, https:\/\/improflair.at\/momentum\/wp-content\/uploads\/2024\/02\/snip_20200219193826-1500x1034-1.png 1500w\" sizes=\"(max-width: 374px) 100vw, 374px\" \/><\/p>\n","protected":false},"excerpt":{"rendered":"<p>Am 21. 2. 2020 habe ich meine Dissertation zum Einsatz von Improvisationsmethoden in Bildungssettings offline und online an der PH Heidelberg erfolgreich verteidigt. Hier der Link zur Online Publikation auf \u201eOus-PhHD\u201c, nat\u00fcrlich open source. F\u00fcr die Defensio habe ich drei Thesen entwickelt und mit reichhaltigen Materialien unterlegt: These 1: Improvisationsmethoden lassen sich schnell und einfach [&hellip;]<\/p>\n","protected":false},"author":2,"featured_media":0,"parent":0,"menu_order":0,"comment_status":"closed","ping_status":"closed","template":"","meta":{"_bbp_topic_count":0,"_bbp_reply_count":0,"_bbp_total_topic_count":0,"_bbp_total_reply_count":0,"_bbp_voice_count":0,"_bbp_anonymous_reply_count":0,"_bbp_topic_count_hidden":0,"_bbp_reply_count_hidden":0,"_bbp_forum_subforum_count":0,"footnotes":""},"yoast_head":"<!-- This site is optimized with the Yoast SEO plugin v15.0 - https:\/\/yoast.com\/wordpress\/plugins\/seo\/ -->\n<title>Dokumentation meiner Dissertation - Momentum - Angewandte Improvisation<\/title>\n<meta name=\"robots\" content=\"index, follow, max-snippet:-1, max-image-preview:large, max-video-preview:-1\" \/>\n<link rel=\"canonical\" href=\"https:\/\/improflair.at\/momentum\/dokumentation-meiner-dissertation\/\" \/>\n<meta property=\"og:locale\" content=\"de_DE\" \/>\n<meta property=\"og:type\" content=\"article\" \/>\n<meta property=\"og:title\" content=\"Dokumentation meiner Dissertation - Momentum - Angewandte Improvisation\" \/>\n<meta property=\"og:description\" content=\"Am 21. 2. 2020 habe ich meine Dissertation zum Einsatz von Improvisationsmethoden in Bildungssettings offline und online an der PH Heidelberg erfolgreich verteidigt. Hier der Link zur Online Publikation auf \u201eOus-PhHD\u201c, nat\u00fcrlich open source. F\u00fcr die Defensio habe ich drei Thesen entwickelt und mit reichhaltigen Materialien unterlegt: These 1: Improvisationsmethoden lassen sich schnell und einfach [&hellip;]\" \/>\n<meta property=\"og:url\" content=\"https:\/\/improflair.at\/momentum\/dokumentation-meiner-dissertation\/\" \/>\n<meta property=\"og:site_name\" content=\"Momentum - Angewandte Improvisation\" \/>\n<meta property=\"article:modified_time\" content=\"2024-02-24T16:48:54+00:00\" \/>\n<meta property=\"og:image\" content=\"https:\/\/improflair.at\/momentum\/wp-content\/uploads\/2024\/02\/snip_20200219193826-1500x1034-1-300x207.png\" \/>\n<meta name=\"twitter:card\" content=\"summary_large_image\" \/>\n<script type=\"application\/ld+json\" class=\"yoast-schema-graph\">{\"@context\":\"https:\/\/schema.org\",\"@graph\":[{\"@type\":\"WebSite\",\"@id\":\"https:\/\/improflair.at\/momentum\/#website\",\"url\":\"https:\/\/improflair.at\/momentum\/\",\"name\":\"Momentum - Angewandte Improvisation\",\"description\":\"\",\"potentialAction\":[{\"@type\":\"SearchAction\",\"target\":\"https:\/\/improflair.at\/momentum\/?s={search_term_string}\",\"query-input\":\"required name=search_term_string\"}],\"inLanguage\":\"de-AT\"},{\"@type\":\"ImageObject\",\"@id\":\"https:\/\/improflair.at\/momentum\/dokumentation-meiner-dissertation\/#primaryimage\",\"inLanguage\":\"de-AT\",\"url\":\"https:\/\/improflair.at\/momentum\/wp-content\/uploads\/2024\/02\/snip_20200219193826-1500x1034-1.png\",\"width\":1500,\"height\":1034},{\"@type\":\"WebPage\",\"@id\":\"https:\/\/improflair.at\/momentum\/dokumentation-meiner-dissertation\/#webpage\",\"url\":\"https:\/\/improflair.at\/momentum\/dokumentation-meiner-dissertation\/\",\"name\":\"Dokumentation meiner Dissertation - Momentum - Angewandte Improvisation\",\"isPartOf\":{\"@id\":\"https:\/\/improflair.at\/momentum\/#website\"},\"primaryImageOfPage\":{\"@id\":\"https:\/\/improflair.at\/momentum\/dokumentation-meiner-dissertation\/#primaryimage\"},\"datePublished\":\"2024-02-24T16:43:55+00:00\",\"dateModified\":\"2024-02-24T16:48:54+00:00\",\"inLanguage\":\"de-AT\",\"potentialAction\":[{\"@type\":\"ReadAction\",\"target\":[\"https:\/\/improflair.at\/momentum\/dokumentation-meiner-dissertation\/\"]}]}]}<\/script>\n<!-- \/ Yoast SEO plugin. -->","_links":{"self":[{"href":"https:\/\/improflair.at\/momentum\/wp-json\/wp\/v2\/pages\/2876"}],"collection":[{"href":"https:\/\/improflair.at\/momentum\/wp-json\/wp\/v2\/pages"}],"about":[{"href":"https:\/\/improflair.at\/momentum\/wp-json\/wp\/v2\/types\/page"}],"author":[{"embeddable":true,"href":"https:\/\/improflair.at\/momentum\/wp-json\/wp\/v2\/users\/2"}],"replies":[{"embeddable":true,"href":"https:\/\/improflair.at\/momentum\/wp-json\/wp\/v2\/comments?post=2876"}],"version-history":[{"count":2,"href":"https:\/\/improflair.at\/momentum\/wp-json\/wp\/v2\/pages\/2876\/revisions"}],"predecessor-version":[{"id":2880,"href":"https:\/\/improflair.at\/momentum\/wp-json\/wp\/v2\/pages\/2876\/revisions\/2880"}],"wp:attachment":[{"href":"https:\/\/improflair.at\/momentum\/wp-json\/wp\/v2\/media?parent=2876"}],"curies":[{"name":"wp","href":"https:\/\/api.w.org\/{rel}","templated":true}]}}